



{"id":23,"date":"2024-06-10T18:33:28","date_gmt":"2024-06-10T16:33:28","guid":{"rendered":"https:\/\/cellcacr.com\/?page_id=23"},"modified":"2024-07-24T21:00:09","modified_gmt":"2024-07-24T19:00:09","slug":"representamos-tu-marca","status":"publish","type":"page","link":"http:\/\/cellcacr.com\/?page_id=23","title":{"rendered":"Representamos tu marca"},"content":{"rendered":"    <div class=\"formulario-hablemos-container\">\r\n        <div class=\"formulario-hablemos-header\">\r\n            <div class=\"contenedor-icono-form-hablemos\" onclick=\"goBack()\">\r\n                <div class=\"icono-contenedor-flecha-hablemos\" >\r\n                    <img decoding=\"async\" class=\"flecha-atras-img-hablemos\" src=\"http:\/\/cellcacr.com\/wp-content\/uploads\/2024\/07\/atrasflecha.png\" alt=\"Flecha Atr\u00e1s\">\r\n                <\/div>\r\n                <p>Ir atr\u00e1s<\/p>\r\n            <\/div>\r\n            <div class=\"apartado-formulario-hablemos\">\r\n<h2>\u00a1Hablemos!<\/h2>\r\n<p>\u00a1Cont\u00e1ctenos ahora y deja que nuestro equipo te gu\u00ede en el proceso! Estamos aqu\u00ed para hacer que tu experiencia sea lo m\u00e1s f\u00e1cil y conveniente posible.<\/p>\r\n\r\n<\/div>\r\n<div class=\"info-formulario-hablemos\">\r\n<h3>Cont\u00e1ctenos<\/h3>\r\n<p><strong>Email<\/strong><\/p>\r\n\r\n\r\n<p>info@cellcacr.com<\/p>\r\n\r\n\r\n<p><strong>Ll\u00e1menos<\/strong><\/p>\r\n\r\n\r\n<p><strong>CR<\/strong> + 506 4002 0988<\/p>\r\n\r\n\r\n<p><strong>PA<\/strong>\u00a0+ 507 833 7024<\/p>\r\n\r\n<\/div>            <div class=\"formulario-hablemos-body\">\r\n            <div class=\"formulario-hablemos-form\">\r\n                <form id=\"formulario-hablemos\" enctype=\"multipart\/form-data\">\r\n                    <input type=\"hidden\" id=\"security\" name=\"security\" value=\"1284dcbaf5\" \/><input type=\"hidden\" name=\"_wp_http_referer\" value=\"\/index.php?rest_route=%2Fwp%2Fv2%2Fpages%2F23\" \/>                    <label for=\"nombre\">Nombre y Apellido<\/label>\r\n                    <input type=\"text\" id=\"nombre\" name=\"nombre\" value=\"\" required>\r\n\r\n                    <label for=\"email\">Email<\/label>\r\n                    <input type=\"email\" id=\"email\" name=\"email\" value=\"\" required>\r\n\r\n                    <label for=\"telefono\">N\u00famero Telef\u00f3nico<\/label>\r\n                    <input type=\"text\" id=\"telefono\" name=\"telefono\" value=\"\" required>\r\n\r\n                    <label for=\"profesion\">Profesi\u00f3n<\/label>\r\n                    <select id=\"profesion\" name=\"profesion\" required>\r\n                        <option value=\"\" disabled selected>Seleccionar tu profesi\u00f3n<\/option>\r\n                        <option value=\"ingeniero\" >Ingeniero<\/option>\r\n                        <option value=\"doctor\" >Doctor<\/option>\r\n                        <option value=\"abogado\" >Abogado<\/option>\r\n                        <option value=\"administracion\" >Administraci\u00f3n<\/option>\r\n                        <option value=\"marketing\" >Marketing<\/option>\r\n                        <option value=\"marketing\" >Otros...<\/option>\r\n                    <\/select>\r\n\r\n                    <button type=\"submit\">\r\n                        <span class=\"icono\"><\/span> Enviar\r\n                    <\/button>\r\n                <\/form>\r\n            <\/div>\r\n        <\/div>\r\n        <\/div>\r\n       \r\n    <\/div>\r\n    ","protected":false},"excerpt":{"rendered":"","protected":false},"author":1,"featured_media":0,"parent":0,"menu_order":0,"comment_status":"closed","ping_status":"closed","template":"","meta":{"footnotes":""},"_links":{"self":[{"href":"http:\/\/cellcacr.com\/index.php?rest_route=\/wp\/v2\/pages\/23"}],"collection":[{"href":"http:\/\/cellcacr.com\/index.php?rest_route=\/wp\/v2\/pages"}],"about":[{"href":"http:\/\/cellcacr.com\/index.php?rest_route=\/wp\/v2\/types\/page"}],"author":[{"embeddable":true,"href":"http:\/\/cellcacr.com\/index.php?rest_route=\/wp\/v2\/users\/1"}],"replies":[{"embeddable":true,"href":"http:\/\/cellcacr.com\/index.php?rest_route=%2Fwp%2Fv2%2Fcomments&post=23"}],"version-history":[{"count":2,"href":"http:\/\/cellcacr.com\/index.php?rest_route=\/wp\/v2\/pages\/23\/revisions"}],"predecessor-version":[{"id":714,"href":"http:\/\/cellcacr.com\/index.php?rest_route=\/wp\/v2\/pages\/23\/revisions\/714"}],"wp:attachment":[{"href":"http:\/\/cellcacr.com\/index.php?rest_route=%2Fwp%2Fv2%2Fmedia&parent=23"}],"curies":[{"name":"wp","href":"https:\/\/api.w.org\/{rel}","templated":true}]}}